{"id":59,"date":"2025-12-13T21:14:14","date_gmt":"2025-12-13T14:14:14","guid":{"rendered":"http:\/\/flatsome.dev\/?page_id=3257"},"modified":"2025-12-13T21:16:49","modified_gmt":"2025-12-13T14:16:49","slug":"mega-shop","status":"publish","type":"page","link":"https:\/\/888now66.bet\/","title":{"rendered":"888now66 com &#8211; Trang ch\u1ee7 888NOW.COM | \u0110\u0103ng k\u00fd t\u1eb7ng code 68k"},"content":{"rendered":"<div class=\"slider-wrapper relative\" id=\"slider-793224658\" >\n    <div class=\"slider slider-nav-circle slider-nav-large slider-nav-light slider-style-normal\"\n        data-flickity-options='{\n            \"cellAlign\": \"center\",\n            \"imagesLoaded\": true,\n            \"lazyLoad\": 1,\n            \"freeScroll\": false,\n            \"wrapAround\": true,\n            \"autoPlay\": 5000,\n            \"pauseAutoPlayOnHover\" : false,\n            \"prevNextButtons\": true,\n            \"contain\" : true,\n            \"adaptiveHeight\" : true,\n            \"dragThreshold\" : 10,\n            \"percentPosition\": true,\n            \"pageDots\": false,\n            \"rightToLeft\": false,\n            \"draggable\": true,\n            \"selectedAttraction\": 0.1,\n            \"parallax\" : 0,\n            \"friction\": 0.6        }'\n        >\n        \n\t<div class=\"img has-hover x md-x lg-x y md-y lg-y\" id=\"image_1195707574\">\n\t\t\t\t\t\t\t\t<div class=\"img-inner dark\" >\n\t\t\t<img loading=\"lazy\" decoding=\"async\" width=\"1020\" height=\"300\" src=\"https:\/\/888now66.bet\/wp-content\/uploads\/2025\/12\/888now66-com-tang-tan-thu-68k.webp\" class=\"attachment-large size-large\" alt=\"888now66 com t\u1eb7ng t\u00e2n th\u1ee7 68k\" srcset=\"https:\/\/888now66.bet\/wp-content\/uploads\/2025\/12\/888now66-com-tang-tan-thu-68k.webp 1020w, https:\/\/888now66.bet\/wp-content\/uploads\/2025\/12\/888now66-com-tang-tan-thu-68k-300x88.webp 300w, https:\/\/888now66.bet\/wp-content\/uploads\/2025\/12\/888now66-com-tang-tan-thu-68k-768x226.webp 768w\" sizes=\"auto, (max-width: 1020px) 100vw, 1020px\" \/>\t\t\t\t\t\t\n\t\t\t\t\t<\/div>\n\t\t\t\t\t\t\t\t\n<style>\n#image_1195707574 {\n  width: 100%;\n}\n<\/style>\n\t<\/div>\n\t\n     <\/div>\n\n     <div class=\"loading-spin dark large centered\"><\/div>\n\n\t<\/div>\n\n\n\n\t<section class=\"section section1 dark hide-for-small\" id=\"section_156844060\">\n\t\t<div class=\"section-bg fill\" >\n\t\t\t\t\t\t\t\t\t<button class=\"scroll-for-more z-5 icon absolute bottom h-center\" aria-label=\"Cu\u1ed9n \u0111\u1ec3 bi\u1ebft th\u00eam\"><i class=\"icon-angle-down\" style=\"font-size:42px;\" ><\/i><\/button>\n\t\t\t\n\n\t\t<\/div>\n\n\t\t\n\n\t\t<div class=\"section-content relative\">\n\t\t\t\n<div class=\"row row-collapse row-full-width align-center row1\"  id=\"row-150759343\">\n\n\t<div id=\"col-833262085\" class=\"col small-12 large-12\"  >\n\t\t\t\t<div class=\"col-inner text-center\"  >\n\t\t\t\n\t\t\t\n<div class=\"col-inner text-center\">\n<div id=\"row-321306411\" class=\"row row-collapse\">\n<div class=\"col medium-2 small-4 large-2\">\n<div class=\"col-inner\">\n<div class=\"bullhornMain\"><i class=\"fa fa-bullhorn\" aria-hidden=\"true\"><\/i> Th\u00f4ng b\u00e1o<\/div>\n<\/div>\n<\/div>\n<div class=\"col medium-10 small-8 large-10\">\n<div class=\"col-inner\">\n<p>888now66 com &#8211; Trang ch\u1ee7 truy c\u1eadp n\u1ec1n t\u1ea3ng gi\u1ea3i tr\u00ed uy t\u00edn top 1 888NOW. Cung c\u1ea5p link \u0111\u0103ng k\u00fd v\u00e0 t\u1ea3i app ch\u00ednh th\u1ee9c truy c\u1eadp th\u00e0nh c\u00f4ng li\u00ean h\u1ec7 CSKH nh\u1eadn 68k tr\u1ea3i nghi\u1ec7m mi\u1ec5n ph\u00ed<\/p>\n<\/div>\n<\/div>\n\t\t<\/div>\n\t\t\t\t\n<style>\n#col-833262085 > .col-inner {\n  padding: 57px 0px 2px 0px;\n  margin: -43px 29px -21px -8px;\n}\n<\/style>\n\t<\/div>\n\n\t\n\n<style>\n#row-150759343 > .col > .col-inner {\n  padding: 51px 8px 5px 0px;\n}\n<\/style>\n<\/div>\n\t\t<\/div>\n\n\t\t\n<style>\n#section_156844060 {\n  padding-top: 0px;\n  padding-bottom: 0px;\n  margin-bottom: 0px;\n  min-height: 0px;\n}\n<\/style>\n\t<\/section>\n\t\n\n\t<section class=\"section hide-for-small\" id=\"section_1085783902\">\n\t\t<div class=\"section-bg fill\" >\n\t\t\t\t\t\t\t\t\t\n\t\t\t\n\n\t\t<\/div>\n\n\t\t\n\n\t\t<div class=\"section-content relative\">\n\t\t\t\n<div class=\"container section-title-container\" ><h2 class=\"section-title section-title-center\"><b><\/b><span class=\"section-title-main\" style=\"color:rgb(255, 0, 0);\">TRANG CH\u1ee6 \u0110\u0102NG NH\u1eacP NH\u00c0 C\u00c1I 888NOW<\/span><b><\/b><\/h2><\/div>\n<div class=\"row\"  id=\"row-1157761872\">\n\n\t<div id=\"col-1797600889\" class=\"col medium-4 small-12 large-4\"  >\n\t\t\t\t<div class=\"col-inner\"  >\n\t\t\t\n\t\t\t\n\t<div class=\"box has-hover   has-hover box-shadow-2 box-text-bottom\" >\n\n\t\t<div class=\"box-image\" style=\"width:98%;\">\n\t\t\t\t\t\t<div class=\"image-zoom\" >\n\t\t\t\t<img loading=\"lazy\" decoding=\"async\" width=\"657\" height=\"436\" src=\"https:\/\/888now66.bet\/wp-content\/uploads\/2019\/08\/20170120212844-casino.jpg\" class=\"attachment- size-\" alt=\"\" srcset=\"https:\/\/888now66.bet\/wp-content\/uploads\/2019\/08\/20170120212844-casino.jpg 657w, https:\/\/888now66.bet\/wp-content\/uploads\/2019\/08\/20170120212844-casino-300x199.jpg 300w\" sizes=\"auto, (max-width: 657px) 100vw, 657px\" \/>\t\t\t\t\t\t\t\t\t\t\t<\/div>\n\t\t\t\t\t<\/div>\n\n\t\t<div class=\"box-text text-center\" >\n\t\t\t<div class=\"box-text-inner\">\n\t\t\t\t\n<h3><span style=\"color: #ed1c24;\">\u0110\u0102NG K\u00dd T\u00c0I KHO\u1ea2N &amp; B\u1ea2O M\u1eacT<\/span><\/h3>\n<p><span style=\"color: #282828;\">T\u1ea1o 1 t\u00e0i kho\u1ea3n 888now com ch\u1ec9 c\u1ea7n cung c\u1ea5p th\u00f4ng tin c\u00e1 nh\u00e2n t\u00ean v\u00e0 s\u1ed1 \u0111i\u1ec7n tho\u1ea1i \u0111\u1ecbnh danh.\u00a0 Sau khi t\u1ea1o xong truy c\u1eadp v\u00e0o n\u1ec1n t\u1ea3ng ch\u00ednh 888now66 .com li\u00ean h\u1ec7 CSKH nh\u1eadn khuy\u1ebfn m\u00e3i 68k tr\u1ea3i nghi\u1ec7m m\u1ecdi game.<\/span><\/p>\n\t\t\t<\/div>\n\t\t<\/div>\n\t<\/div>\n\t\n\t\t<\/div>\n\t\t\t\t\t<\/div>\n\n\t\n\n\t<div id=\"col-1029194004\" class=\"col medium-4 small-12 large-4\"  >\n\t\t\t\t<div class=\"col-inner\"  >\n\t\t\t\n\t\t\t\n\t<div class=\"box has-hover   has-hover box-shadow-2 box-text-bottom\" >\n\n\t\t<div class=\"box-image\" >\n\t\t\t\t\t\t<div class=\"image-zoom\" >\n\t\t\t\t<img loading=\"lazy\" decoding=\"async\" width=\"1268\" height=\"828\" src=\"https:\/\/888now66.bet\/wp-content\/uploads\/2019\/08\/casino_gambling.jpg\" class=\"attachment- size-\" alt=\"\" srcset=\"https:\/\/888now66.bet\/wp-content\/uploads\/2019\/08\/casino_gambling.jpg 1268w, https:\/\/888now66.bet\/wp-content\/uploads\/2019\/08\/casino_gambling-300x196.jpg 300w, https:\/\/888now66.bet\/wp-content\/uploads\/2019\/08\/casino_gambling-1024x669.jpg 1024w, https:\/\/888now66.bet\/wp-content\/uploads\/2019\/08\/casino_gambling-768x502.jpg 768w\" sizes=\"auto, (max-width: 1268px) 100vw, 1268px\" \/>\t\t\t\t\t\t\t\t\t\t\t<\/div>\n\t\t\t\t\t<\/div>\n\n\t\t<div class=\"box-text text-center\" >\n\t\t\t<div class=\"box-text-inner\">\n\t\t\t\t\n<h3><span style=\"color: #ed1c24;\">\u0110\u0102NG NH\u1eacP + T\u1ea2I APP<\/span><\/h3>\n<p><span style=\"color: #282828;\">\u0110\u0103ng nh\u1eadp t\u00e0i kho\u1ea3n 888now game tr\u00ean b\u1ea5t k\u1ef3 tr\u00ecnh duy\u1ec7t t\u1ea1i M\u00e1y t\u00ednh hay thi\u1ebft b\u1ecb di \u0111\u1ed9ng ch\u1ec9 v\u00e0i gi\u00e2y l\u00e0 v\u00e0o \u0111\u01b0\u1ee3c h\u1ec7 th\u1ed1ng ch\u01a1i ch\u00ednh. T\u1ea3i app 888now66 truy c\u1eadp thu\u1eadn ti\u1ec7n, b\u1ea3o m\u1eadt an to\u00e0n h\u01a1n.<\/span><\/p>\n\t\t\t<\/div>\n\t\t<\/div>\n\t<\/div>\n\t\n\t\t<\/div>\n\t\t\t\t\t<\/div>\n\n\t\n\n\t<div id=\"col-522229538\" class=\"col medium-4 small-12 large-4\"  >\n\t\t\t\t<div class=\"col-inner\"  >\n\t\t\t\n\t\t\t\n\t<div class=\"box has-hover   has-hover box-shadow-2 box-text-bottom\" >\n\n\t\t<div class=\"box-image\" style=\"width:98%;\">\n\t\t\t\t\t\t<div class=\"image-zoom\" >\n\t\t\t\t<img loading=\"lazy\" decoding=\"async\" width=\"2000\" height=\"1334\" src=\"https:\/\/888now66.bet\/wp-content\/uploads\/2019\/08\/170101-casino.jpeg\" class=\"attachment- size-\" alt=\"\" srcset=\"https:\/\/888now66.bet\/wp-content\/uploads\/2019\/08\/170101-casino.jpeg 2000w, https:\/\/888now66.bet\/wp-content\/uploads\/2019\/08\/170101-casino-300x200.jpeg 300w, https:\/\/888now66.bet\/wp-content\/uploads\/2019\/08\/170101-casino-1024x683.jpeg 1024w, https:\/\/888now66.bet\/wp-content\/uploads\/2019\/08\/170101-casino-768x512.jpeg 768w, https:\/\/888now66.bet\/wp-content\/uploads\/2019\/08\/170101-casino-1536x1025.jpeg 1536w\" sizes=\"auto, (max-width: 2000px) 100vw, 2000px\" \/>\t\t\t\t\t\t\t\t\t\t\t<\/div>\n\t\t\t\t\t<\/div>\n\n\t\t<div class=\"box-text text-center\" >\n\t\t\t<div class=\"box-text-inner\">\n\t\t\t\t\n<h3><span style=\"color: #ed1c24;\">DISCLAIMER (TUY\u00caN B\u1ed0 MI\u1ec4N TR\u1eea)<\/span><\/h3>\n<p><span style=\"color: #282828;\">Trang ch\u1ee7 888now66.bet cung c\u1ea5p th\u00f4ng tin tham kh\u1ea3o cho ng\u01b0\u1eddi d\u00f9ng 18 tu\u1ed5i s\u1ed1ng ngo\u00e0i l\u00e3nh th\u1ed5 Vi\u1ec7t Nam. Trang 888now66 game ch\u1ec9 h\u1ed7 tr\u1ee3 th\u00f4ng tin kh\u00f4ng c\u00f3 giao d\u1ecbch hay t\u1ed5 ch\u1ee9c c\u00e1 c\u01b0\u1ee3c. Ng\u01b0\u1eddi d\u00f9ng ch\u1ecbu ho\u00e0n to\u00e0n tr\u00e1ch nhi\u1ec7m khi s\u1eed d\u1ee5ng th\u00f4ng tin truy c\u1eadp v\u00e0o b\u00ean th\u1ee9 3 g\u00e2y ra.<\/span><\/p>\n\t\t\t<\/div>\n\t\t<\/div>\n\t<\/div>\n\t\n\t\t<\/div>\n\t\t\t\t\t<\/div>\n\n\t\n<\/div>\n<div class=\"row\"  id=\"row-528947057\">\n\n\t<div id=\"col-548772538\" class=\"col medium-6 small-12 large-6\"  >\n\t\t\t\t<div class=\"col-inner\"  >\n\t\t\t\n\t\t\t\n<a href=\"https:\/\/linkquangcaotv88.com\/268TV88\" class=\"button primary is-bevel is-large box-shadow-2 box-shadow-3-hover lowercase expand btn-signup\"  >\n\t\t<span>\u0110\u0103ng k\u00fd ngay<\/span>\n\t<\/a>\n\n\t\t<\/div>\n\t\t\t\t\t<\/div>\n\n\t\n\n\t<div id=\"col-1118546143\" class=\"col medium-6 small-12 large-6\"  >\n\t\t\t\t<div class=\"col-inner\"  >\n\t\t\t\n\t\t\t\n<a href=\"https:\/\/linkquangcaotv88.com\/268TV88\" class=\"button success is-bevel is-large box-shadow-2 box-shadow-3-hover lowercase expand btn-help\"  >\n\t\t<span>\u0110\u0103ng nh\u1eadp<\/span>\n\t<\/a>\n\n\t\t<\/div>\n\t\t\t\t\t<\/div>\n\n\t\n\n<style>\n#row-528947057 > .col > .col-inner {\n  padding: 8px 0px 0px 0px;\n}\n<\/style>\n<\/div>\n\t\t<\/div>\n\n\t\t\n<style>\n#section_1085783902 {\n  padding-top: 30px;\n  padding-bottom: 30px;\n}\n<\/style>\n\t<\/section>\n\t\n\n\t<section class=\"section show-for-small\" id=\"section_643314680\">\n\t\t<div class=\"section-bg fill\" >\n\t\t\t\t\t\t\t\t\t\n\t\t\t\n\n\t\t<\/div>\n\n\t\t\n\n\t\t<div class=\"section-content relative\">\n\t\t\t\n<div class=\"row row-small\"  id=\"row-2083253774\">\n\n\t<div id=\"col-782758090\" class=\"col medium-6 small-6 large-6\"  >\n\t\t\t\t<div class=\"col-inner\"  >\n\t\t\t\n\t\t\t\n\n  <div class=\"banner has-hover\" id=\"banner-1403214042\">\n          <div class=\"banner-inner fill\">\n        <div class=\"banner-bg fill\" >\n            <img loading=\"lazy\" decoding=\"async\" width=\"285\" height=\"354\" src=\"https:\/\/888now66.bet\/wp-content\/uploads\/2019\/08\/sport-vat.png\" class=\"bg attachment-large size-large\" alt=\"\" \/>                                    \n                    <\/div>\n\t\t\n        <div class=\"banner-layers container\">\n            <div class=\"fill banner-link\"><\/div>            \n   <div id=\"text-box-538634757\" class=\"text-box banner-layer x50 md-x50 lg-x50 y100 md-y50 lg-y50 res-text\">\n                                <div class=\"text-box-content text dark\">\n              \n              <div class=\"text-inner text-center\">\n                  \n<h4 class=\"uppercase\"><span style=\"font-size: 100%;\">Th\u1ec2 THAO<\/span><\/h4>\n              <\/div>\n           <\/div>\n                            \n<style>\n#text-box-538634757 {\n  width: 60%;\n}\n#text-box-538634757 .text-box-content {\n  font-size: 100%;\n}\n<\/style>\n    <\/div>\n \n        <\/div>\n      <\/div>\n\n            \n<style>\n#banner-1403214042 {\n  padding-top: 216px;\n  background-color: rgba(255, 255, 255, 0.45);\n}\n#banner-1403214042 .banner-bg img {\n  object-position: 53% 55%;\n}\n@media (min-width:550px) {\n  #banner-1403214042 {\n    padding-top: 500px;\n  }\n}\n<\/style>\n  <\/div>\n\n\n\t\t<\/div>\n\t\t\t\t\t<\/div>\n\n\t\n\n\t<div id=\"col-2055608970\" class=\"col medium-6 small-6 large-6\"  >\n\t\t\t\t<div class=\"col-inner\"  >\n\t\t\t\n\t\t\t\n\n  <div class=\"banner has-hover\" id=\"banner-1269383057\">\n          <div class=\"banner-inner fill\">\n        <div class=\"banner-bg fill\" >\n            <img loading=\"lazy\" decoding=\"async\" width=\"852\" height=\"480\" src=\"https:\/\/888now66.bet\/wp-content\/uploads\/2019\/08\/11.jpg\" class=\"bg attachment-large size-large\" alt=\"\" \/>                                    \n                    <\/div>\n\t\t\n        <div class=\"banner-layers container\">\n            <div class=\"fill banner-link\"><\/div>            \n   <div id=\"text-box-1044873121\" class=\"text-box banner-layer x100 md-x50 lg-x50 y50 md-y50 lg-y50 res-text\">\n                                <div class=\"text-box-content text dark\">\n              \n              <div class=\"text-inner text-center\">\n                  \n<h4 class=\"uppercase\">CASINO<\/h4>\n              <\/div>\n           <\/div>\n                            \n<style>\n#text-box-1044873121 {\n  width: 60%;\n}\n#text-box-1044873121 .text-box-content {\n  font-size: 100%;\n}\n<\/style>\n    <\/div>\n \n\t<div class=\"img has-hover x0 md-x50 lg-x50 y50 md-y50 lg-y50\" id=\"image_31906464\">\n\t\t\t\t\t\t\t\t<div class=\"img-inner dark\" >\n\t\t\t<img loading=\"lazy\" decoding=\"async\" width=\"100\" height=\"109\" src=\"https:\/\/888now66.bet\/wp-content\/uploads\/2019\/08\/img_girl_mc.png\" class=\"attachment-large size-large\" alt=\"\" \/>\t\t\t\t\t\t\n\t\t\t\t\t<\/div>\n\t\t\t\t\t\t\t\t\n<style>\n#image_31906464 {\n  width: 33%;\n}\n@media (min-width:550px) {\n  #image_31906464 {\n    width: 100%;\n  }\n}\n<\/style>\n\t<\/div>\n\t\n        <\/div>\n      <\/div>\n\n            \n<style>\n#banner-1269383057 {\n  padding-top: 65px;\n}\n@media (min-width:550px) {\n  #banner-1269383057 {\n    padding-top: 500px;\n  }\n}\n<\/style>\n  <\/div>\n\n\n\t<div id=\"gap-888895661\" class=\"gap-element clearfix\" style=\"display:block; height:auto;\">\n\t\t\n<style>\n#gap-888895661 {\n  padding-top: 10px;\n}\n<\/style>\n\t<\/div>\n\t\n\n  <div class=\"banner has-hover\" id=\"banner-364892047\">\n          <div class=\"banner-inner fill\">\n        <div class=\"banner-bg fill\" >\n                                                \n                    <\/div>\n\t\t\n        <div class=\"banner-layers container\">\n            <div class=\"fill banner-link\"><\/div>            \n   <div id=\"text-box-756174694\" class=\"text-box banner-layer x100 md-x50 lg-x50 y50 md-y50 lg-y50 res-text\">\n                                <div class=\"text-box-content text dark\">\n              \n              <div class=\"text-inner text-center\">\n                  \n<h4 class=\"uppercase\">X\u00d3C \u0110\u0128A<\/h4>\n              <\/div>\n           <\/div>\n                            \n<style>\n#text-box-756174694 {\n  width: 60%;\n}\n#text-box-756174694 .text-box-content {\n  font-size: 100%;\n}\n<\/style>\n    <\/div>\n \n\t<div class=\"img has-hover x0 md-x50 lg-x50 y50 md-y50 lg-y50\" id=\"image_1087657722\">\n\t\t\t\t\t\t\t\t<div class=\"img-inner dark\" >\n\t\t\t<img loading=\"lazy\" decoding=\"async\" width=\"100\" height=\"109\" src=\"https:\/\/888now66.bet\/wp-content\/uploads\/2019\/08\/icon_home_anchor.png\" class=\"attachment-large size-large\" alt=\"\" \/>\t\t\t\t\t\t\n\t\t\t\t\t<\/div>\n\t\t\t\t\t\t\t\t\n<style>\n#image_1087657722 {\n  width: 37%;\n}\n@media (min-width:550px) {\n  #image_1087657722 {\n    width: 100%;\n  }\n}\n<\/style>\n\t<\/div>\n\t\n        <\/div>\n      <\/div>\n\n            \n<style>\n#banner-364892047 {\n  padding-top: 65px;\n}\n@media (min-width:550px) {\n  #banner-364892047 {\n    padding-top: 500px;\n  }\n}\n<\/style>\n  <\/div>\n\n\n\t<div id=\"gap-947011541\" class=\"gap-element clearfix\" style=\"display:block; height:auto;\">\n\t\t\n<style>\n#gap-947011541 {\n  padding-top: 10px;\n}\n<\/style>\n\t<\/div>\n\t\n\n  <div class=\"banner has-hover\" id=\"banner-1611765548\">\n          <div class=\"banner-inner fill\">\n        <div class=\"banner-bg fill\" >\n            <img loading=\"lazy\" decoding=\"async\" width=\"1020\" height=\"574\" src=\"https:\/\/888now66.bet\/wp-content\/uploads\/2019\/08\/13081-01-gradient-designs-powerpoint-backgrounds-16x9-1-1024x576.jpg\" class=\"bg attachment-large size-large\" alt=\"\" \/>                                    \n                    <\/div>\n\t\t\n        <div class=\"banner-layers container\">\n            <div class=\"fill banner-link\"><\/div>            \n   <div id=\"text-box-1715764080\" class=\"text-box banner-layer x100 md-x50 lg-x50 y50 md-y50 lg-y50 res-text\">\n                                <div class=\"text-box-content text dark\">\n              \n              <div class=\"text-inner text-center\">\n                  \n<h4 class=\"uppercase\">GAME<\/h4>\n              <\/div>\n           <\/div>\n                            \n<style>\n#text-box-1715764080 {\n  width: 60%;\n}\n#text-box-1715764080 .text-box-content {\n  font-size: 100%;\n}\n<\/style>\n    <\/div>\n \n\t<div class=\"img has-hover x0 md-x50 lg-x50 y95 md-y50 lg-y50\" id=\"image_940267271\">\n\t\t\t\t\t\t\t\t<div class=\"img-inner dark\" >\n\t\t\t<img loading=\"lazy\" decoding=\"async\" width=\"100\" height=\"109\" src=\"https:\/\/888now66.bet\/wp-content\/uploads\/2019\/08\/icon_home_people.png\" class=\"attachment-large size-large\" alt=\"\" \/>\t\t\t\t\t\t\n\t\t\t\t\t<\/div>\n\t\t\t\t\t\t\t\t\n<style>\n#image_940267271 {\n  width: 36%;\n}\n@media (min-width:550px) {\n  #image_940267271 {\n    width: 100%;\n  }\n}\n<\/style>\n\t<\/div>\n\t\n        <\/div>\n      <\/div>\n\n            \n<style>\n#banner-1611765548 {\n  padding-top: 65px;\n}\n@media (min-width:550px) {\n  #banner-1611765548 {\n    padding-top: 500px;\n  }\n}\n<\/style>\n  <\/div>\n\n\n\t\t<\/div>\n\t\t\t\t\t<\/div>\n\n\t\n<\/div>\n<div class=\"row row-small\"  id=\"row-802910261\">\n\n\t<div id=\"col-1037173359\" class=\"col medium-6 small-6 large-6\"  >\n\t\t\t\t<div class=\"col-inner\"  >\n\t\t\t\n\t\t\t\n\n  <div class=\"banner has-hover bg-glow\" id=\"banner-188149118\">\n          <div class=\"banner-inner fill\">\n        <div class=\"banner-bg fill\" >\n            <img loading=\"lazy\" decoding=\"async\" width=\"852\" height=\"480\" src=\"https:\/\/888now66.bet\/wp-content\/uploads\/2019\/08\/new11.jpg\" class=\"bg attachment-large size-large\" alt=\"\" \/>                                    \n                    <\/div>\n\t\t\n        <div class=\"banner-layers container\">\n            <div class=\"fill banner-link\"><\/div>            \n   <div id=\"text-box-1371166960\" class=\"text-box banner-layer x95 md-x50 lg-x50 y95 md-y50 lg-y50 res-text\">\n                                <div class=\"text-box-content text dark\">\n              \n              <div class=\"text-inner text-center\">\n                  \n<h4 class=\"uppercase\">H\u01b0\u1edbng D\u1eaaN<\/h4>\n              <\/div>\n           <\/div>\n                            \n<style>\n#text-box-1371166960 {\n  width: 60%;\n}\n#text-box-1371166960 .text-box-content {\n  font-size: 100%;\n}\n<\/style>\n    <\/div>\n \n\t<div class=\"img has-hover x0 md-x50 lg-x50 y95 md-y50 lg-y50\" id=\"image_129802819\">\n\t\t\t\t\t\t\t\t<div class=\"img-inner dark\" >\n\t\t\t<img loading=\"lazy\" decoding=\"async\" width=\"199\" height=\"200\" src=\"https:\/\/888now66.bet\/wp-content\/uploads\/2019\/08\/ic-down-app.png\" class=\"attachment-large size-large\" alt=\"\" srcset=\"https:\/\/888now66.bet\/wp-content\/uploads\/2019\/08\/ic-down-app.png 199w, https:\/\/888now66.bet\/wp-content\/uploads\/2019\/08\/ic-down-app-150x150.png 150w\" sizes=\"auto, (max-width: 199px) 100vw, 199px\" \/>\t\t\t\t\t\t\n\t\t\t\t\t<\/div>\n\t\t\t\t\t\t\t\t\n<style>\n#image_129802819 {\n  width: 35%;\n}\n@media (min-width:550px) {\n  #image_129802819 {\n    width: 100%;\n  }\n}\n<\/style>\n\t<\/div>\n\t\n        <\/div>\n      <\/div>\n\n            \n<style>\n#banner-188149118 {\n  padding-top: 65px;\n}\n@media (min-width:550px) {\n  #banner-188149118 {\n    padding-top: 500px;\n  }\n}\n<\/style>\n  <\/div>\n\n\n\t\t<\/div>\n\t\t\t\t\t<\/div>\n\n\t\n\n\t<div id=\"col-465434530\" class=\"col medium-6 small-6 large-6\"  >\n\t\t\t\t<div class=\"col-inner\"  >\n\t\t\t\n\t\t\t\n\n  <div class=\"banner has-hover\" id=\"banner-849029422\">\n          <div class=\"banner-inner fill\">\n        <div class=\"banner-bg fill\" >\n            <img loading=\"lazy\" decoding=\"async\" width=\"852\" height=\"480\" src=\"https:\/\/888now66.bet\/wp-content\/uploads\/2019\/08\/1-1.jpg\" class=\"bg attachment-large size-large\" alt=\"\" \/>                                    \n                    <\/div>\n\t\t\n        <div class=\"banner-layers container\">\n            <div class=\"fill banner-link\"><\/div>            \n   <div id=\"text-box-2080794182\" class=\"text-box banner-layer x100 md-x50 lg-x50 y50 md-y50 lg-y50 res-text\">\n                                <div class=\"text-box-content text dark\">\n              \n              <div class=\"text-inner text-center\">\n                  \n<h4 class=\"uppercase\">X\u1ed4 S\u1ed0<\/h4>\n              <\/div>\n           <\/div>\n                            \n<style>\n#text-box-2080794182 {\n  width: 60%;\n}\n#text-box-2080794182 .text-box-content {\n  font-size: 100%;\n}\n<\/style>\n    <\/div>\n \n\t<div class=\"img has-hover x0 md-x50 lg-x50 y50 md-y50 lg-y50\" id=\"image_3208124\">\n\t\t\t\t\t\t\t\t<div class=\"img-inner dark\" >\n\t\t\t<img loading=\"lazy\" decoding=\"async\" width=\"100\" height=\"109\" src=\"https:\/\/888now66.bet\/wp-content\/uploads\/2019\/08\/ic_mobi_ball.png\" class=\"attachment-large size-large\" alt=\"\" \/>\t\t\t\t\t\t\n\t\t\t\t\t<\/div>\n\t\t\t\t\t\t\t\t\n<style>\n#image_3208124 {\n  width: 38%;\n}\n@media (min-width:550px) {\n  #image_3208124 {\n    width: 100%;\n  }\n}\n<\/style>\n\t<\/div>\n\t\n        <\/div>\n      <\/div>\n\n            \n<style>\n#banner-849029422 {\n  padding-top: 65px;\n}\n@media (min-width:550px) {\n  #banner-849029422 {\n    padding-top: 500px;\n  }\n}\n<\/style>\n  <\/div>\n\n\n\t\t<\/div>\n\t\t\t\t\t<\/div>\n\n\t\n<\/div>\n\t\t<\/div>\n\n\t\t\n<style>\n#section_643314680 {\n  padding-top: 30px;\n  padding-bottom: 30px;\n}\n<\/style>\n\t<\/section>\n\t\n<\/p><\/div>\n<\/div>\n","protected":false},"excerpt":{"rendered":"","protected":false},"author":1,"featured_media":0,"parent":0,"menu_order":9,"comment_status":"closed","ping_status":"closed","template":"page-blank.php","meta":{"footnotes":""},"class_list":["post-59","page","type-page","status-publish","hentry"],"_links":{"self":[{"href":"https:\/\/888now66.bet\/index.php?rest_route=\/wp\/v2\/pages\/59","targetHints":{"allow":["GET"]}}],"collection":[{"href":"https:\/\/888now66.bet\/index.php?rest_route=\/wp\/v2\/pages"}],"about":[{"href":"https:\/\/888now66.bet\/index.php?rest_route=\/wp\/v2\/types\/page"}],"author":[{"embeddable":true,"href":"https:\/\/888now66.bet\/index.php?rest_route=\/wp\/v2\/users\/1"}],"replies":[{"embeddable":true,"href":"https:\/\/888now66.bet\/index.php?rest_route=%2Fwp%2Fv2%2Fcomments&post=59"}],"version-history":[{"count":8,"href":"https:\/\/888now66.bet\/index.php?rest_route=\/wp\/v2\/pages\/59\/revisions"}],"predecessor-version":[{"id":1887,"href":"https:\/\/888now66.bet\/index.php?rest_route=\/wp\/v2\/pages\/59\/revisions\/1887"}],"wp:attachment":[{"href":"https:\/\/888now66.bet\/index.php?rest_route=%2Fwp%2Fv2%2Fmedia&parent=59"}],"curies":[{"name":"wp","href":"https:\/\/api.w.org\/{rel}","templated":true}]}}